{"id":29,"date":"2025-09-29T16:25:01","date_gmt":"2025-09-29T16:25:01","guid":{"rendered":"http:\/\/manoncatry.com\/?page_id=29"},"modified":"2025-10-28T14:35:34","modified_gmt":"2025-10-28T14:35:34","slug":"manon-catry","status":"publish","type":"page","link":"https:\/\/manoncatry.com\/?page_id=29","title":{"rendered":"Qui suis-je ?"},"content":{"rendered":"<div class=\"wp-block-image\">\n<figure class=\"aligncenter size-full\"><img loading=\"lazy\" decoding=\"async\" width=\"900\" height=\"636\" src=\"https:\/\/manoncatry.com\/wp-content\/uploads\/2025\/10\/Qui-suis-je-.jpg\" alt=\"\" class=\"wp-image-368\" srcset=\"https:\/\/manoncatry.com\/wp-content\/uploads\/2025\/10\/Qui-suis-je-.jpg 900w, https:\/\/manoncatry.com\/wp-content\/uploads\/2025\/10\/Qui-suis-je--300x212.jpg 300w, https:\/\/manoncatry.com\/wp-content\/uploads\/2025\/10\/Qui-suis-je--768x543.jpg 768w\" sizes=\"auto, (max-width: 900px) 100vw, 900px\" \/><\/figure>\n<\/div>\n\n\n<p class=\"has-text-align-left\"><br><strong>Qui suis-je ?<\/strong><br><\/p>\n\n\n\n<p class=\"has-text-align-left\">Peindre le monde avec des couleurs (et un soup\u00e7on d\u2019enfance)<\/p>\n\n\n\n<p class=\"has-text-align-left\">Moi, c\u2019est Manon Catry. Lilloise de naissance, artiste par \u00e9vidence.<\/p>\n\n\n\n<p class=\"has-text-align-left\">Tout commence \u00e0 12 ans, quand mes pinceaux deviennent mes meilleurs copains et que mes premi\u00e8res toiles naissent dans un coin de ma chambre. Pendant cinq ans, je prends des cours de peinture, les bases se posent, la passion s\u2019ancre.<\/p>\n\n\n\n<p class=\"has-text-align-left\">Graphiste de formation, j\u2019ai ensuite explor\u00e9 d\u2019autres horizons : commerciale, responsable image dans le pr\u00eat-\u00e0-porter\u2026 et m\u00eame globe-trotteuse pendant 7 mois en Am\u00e9rique du Sud. <\/p>\n\n\n\n<p class=\"has-text-align-left\">L\u00e0-bas, entre les couleurs vibrantes du P\u00e9rou, les sourires lumineux de Colombie et la po\u00e9sie des paysages chiliens, une id\u00e9e germe. Je rentre en France avec l\u2019envie de peindre autrement. De peindre vraiment.<\/p>\n\n\n\n<p class=\"has-text-align-left\">C\u2019est l\u00e0 qu\u2019appara\u00eet \u00ab\u00a0Monsieur Num\u00e9ro 1\u00a0\u00bb, le tout premier d&rsquo;une longue s\u00e9rie de personnages hauts en couleur, n\u00e9s d\u2019un coup de pinceau et d\u2019un soup\u00e7on d\u2019insouciance. Ma premi\u00e8re exposition \u00e0 Lille fait sold out, et ce succ\u00e8s me pousse \u00e0 tout plaquer pour suivre mon instinct (et mes couleurs) direction\u2026 les Antilles !<\/p>\n\n\n\n<p class=\"has-text-align-left\">L\u00e0-bas, inspir\u00e9e par la lumi\u00e8re, les gens, la nature et cette \u00e9nergie solaire, je fais de la peinture mon activit\u00e9 principale. Mes personnages prennent vie, non seulement sur toile, mais aussi \u00e0 travers mes r\u00e9seaux sociaux o\u00f9 je les mets en sc\u00e8ne avec des drones, des d\u00e9cors, et un brin de folie.<\/p>\n\n\n\n<p class=\"has-text-align-left\">Aujourd\u2019hui, mes \u0153uvres voyagent autant que moi : Hong Kong, Canada, \u00c9tats-Unis, et bien d\u2019autres coins du globe. Ce que je cherche \u00e0 transmettre \u00e0 travers mon art ? De la joie, de la l\u00e9g\u00e8ret\u00e9, et cette petite magie qu\u2019on oublie parfois : notre \u00e2me d\u2019enfant.<\/p>\n\n\n\n<p class=\"has-text-align-left\">Mes cr\u00e9ations sont un mix d\u2019illustratif, de na\u00eff et de spontan\u00e9 une invitation \u00e0 sourire, \u00e0 r\u00eaver, et \u00e0 se souvenir qu\u2019il n\u2019y a rien de plus s\u00e9rieux que le bonheur.<\/p>\n\n\n\n<p><\/p>\n","protected":false},"excerpt":{"rendered":"<p>Qui suis-je ? Peindre le monde avec des couleurs (et un soup\u00e7on d\u2019enfance) Moi, c\u2019est Manon Catry. Lilloise de naissance, artiste par \u00e9vidence. Tout commence \u00e0 12 ans, quand mes pinceaux deviennent mes meilleurs copains et que mes premi\u00e8res toiles naissent dans un coin de ma chambre. Pendant cinq ans, je prends des cours de [&hellip;]<\/p>\n","protected":false},"author":1,"featured_media":0,"parent":0,"menu_order":0,"comment_status":"closed","ping_status":"closed","template":"","meta":{"hide_page_title":"","_joinchat":[],"footnotes":""},"class_list":["post-29","page","type-page","status-publish","hentry"],"_links":{"self":[{"href":"https:\/\/manoncatry.com\/index.php?rest_route=\/wp\/v2\/pages\/29","targetHints":{"allow":["GET"]}}],"collection":[{"href":"https:\/\/manoncatry.com\/index.php?rest_route=\/wp\/v2\/pages"}],"about":[{"href":"https:\/\/manoncatry.com\/index.php?rest_route=\/wp\/v2\/types\/page"}],"author":[{"embeddable":true,"href":"https:\/\/manoncatry.com\/index.php?rest_route=\/wp\/v2\/users\/1"}],"replies":[{"embeddable":true,"href":"https:\/\/manoncatry.com\/index.php?rest_route=%2Fwp%2Fv2%2Fcomments&post=29"}],"version-history":[{"count":24,"href":"https:\/\/manoncatry.com\/index.php?rest_route=\/wp\/v2\/pages\/29\/revisions"}],"predecessor-version":[{"id":371,"href":"https:\/\/manoncatry.com\/index.php?rest_route=\/wp\/v2\/pages\/29\/revisions\/371"}],"wp:attachment":[{"href":"https:\/\/manoncatry.com\/index.php?rest_route=%2Fwp%2Fv2%2Fmedia&parent=29"}],"curies":[{"name":"wp","href":"https:\/\/api.w.org\/{rel}","templated":true}]}}